{"id":136,"date":"2023-09-13T10:16:38","date_gmt":"2023-09-13T08:16:38","guid":{"rendered":"https:\/\/gite-c2c.fr\/?page_id=136"},"modified":"2025-01-10T22:50:41","modified_gmt":"2025-01-10T21:50:41","slug":"ski","status":"publish","type":"page","link":"https:\/\/gite-c2c.fr\/index.php\/ski\/","title":{"rendered":"Ski"},"content":{"rendered":"\n<p>Plusieurs stations de ski sont accessibles depuis le logement :<\/p>\n\n\n\n<ul class=\"wp-block-list\">\n<li>25 min : Les 7 Laux &#8211; Prapoutel (grand domaine alpin + nordique)<\/li>\n\n\n\n<li>25 min : Marcieu (espace ludique enfants)<\/li>\n\n\n\n<li>25 min : Barioz (nordique)<\/li>\n\n\n\n<li>30 min : Collet d&rsquo;Allevard (ski alpin, station familiale)<\/li>\n\n\n\n<li>50 min : Savoie Grand Revard &#8211; La Feclaz (alpin d\u00e9butant + nordique)<\/li>\n\n\n\n<li>55 min : Chamrousse (alpin + nordique)<\/li>\n<\/ul>\n\n\n\n<p><\/p>\n\n\n\n<p>Plans des 7 Laux :<\/p>\n\n\n\n<figure class=\"wp-block-gallery has-nested-images columns-default is-cropped wp-block-gallery-1 is-layout-flex wp-block-gallery-is-layout-flex\">\n<figure class=\"wp-block-image size-full\"><a href=\"https:\/\/gite-c2c.fr\/wp-content\/uploads\/2023\/09\/image.jpeg\" target=\"_blank\" rel=\"noreferrer noopener\"><img loading=\"lazy\" decoding=\"async\" width=\"1024\" height=\"768\" data-id=\"151\" src=\"https:\/\/gite-c2c.fr\/wp-content\/uploads\/2023\/09\/image.jpeg\" alt=\"L\u2019attribut alt de cette image est vide, son nom de fichier est 7laux-1-1024x768.jpg.\" class=\"wp-image-151\" srcset=\"https:\/\/gite-c2c.fr\/wp-content\/uploads\/2023\/09\/image.jpeg 1024w, https:\/\/gite-c2c.fr\/wp-content\/uploads\/2023\/09\/image-300x225.jpeg 300w, https:\/\/gite-c2c.fr\/wp-content\/uploads\/2023\/09\/image-768x576.jpeg 768w\" sizes=\"auto, (max-width: 1024px) 100vw, 1024px\" \/><\/a><figcaption class=\"wp-element-caption\">Domaine ski alpin<\/figcaption><\/figure>\n\n\n\n<figure class=\"wp-block-image size-large\"><a href=\"https:\/\/gite-c2c.fr\/wp-content\/uploads\/2023\/09\/beldina.jpg\" target=\"_blank\" rel=\"noreferrer noopener\"><img loading=\"lazy\" decoding=\"async\" width=\"1024\" height=\"724\" data-id=\"148\" src=\"https:\/\/gite-c2c.fr\/wp-content\/uploads\/2023\/09\/beldina-1024x724.jpg\" alt=\"\" class=\"wp-image-148\" srcset=\"https:\/\/gite-c2c.fr\/wp-content\/uploads\/2023\/09\/beldina-1024x724.jpg 1024w, https:\/\/gite-c2c.fr\/wp-content\/uploads\/2023\/09\/beldina-300x212.jpg 300w, https:\/\/gite-c2c.fr\/wp-content\/uploads\/2023\/09\/beldina-768x543.jpg 768w, https:\/\/gite-c2c.fr\/wp-content\/uploads\/2023\/09\/beldina-1536x1086.jpg 1536w, https:\/\/gite-c2c.fr\/wp-content\/uploads\/2023\/09\/beldina-2048x1448.jpg 2048w\" sizes=\"auto, (max-width: 1024px) 100vw, 1024px\" \/><\/a><figcaption class=\"wp-element-caption\">Raquettes &amp; ski de fond<\/figcaption><\/figure>\n<\/figure>\n\n\n\n<p><\/p>\n","protected":false},"excerpt":{"rendered":"<p>Plusieurs stations de ski sont accessibles depuis le logement : Plans des 7 Laux :<\/p>\n","protected":false},"author":1,"featured_media":0,"parent":0,"menu_order":0,"comment_status":"closed","ping_status":"closed","template":"","meta":{"ngg_post_thumbnail":0,"footnotes":""},"class_list":["post-136","page","type-page","status-publish","hentry"],"yoast_head":"<!-- This site is optimized with the Yoast SEO plugin v24.3 - https:\/\/yoast.com\/wordpress\/plugins\/seo\/ -->\n<title>Ski - G\u00eete C2C<\/title>\n<meta name=\"robots\" content=\"index, follow, max-snippet:-1, max-image-preview:large, max-video-preview:-1\" \/>\n<link rel=\"canonical\" href=\"https:\/\/gite-c2c.fr\/index.php\/ski\/\" \/>\n<meta property=\"og:locale\" content=\"fr_FR\" \/>\n<meta property=\"og:type\" content=\"article\" \/>\n<meta property=\"og:title\" content=\"Ski - G\u00eete C2C\" \/>\n<meta property=\"og:description\" content=\"Plusieurs stations de ski sont accessibles depuis le logement : Plans des 7 Laux :\" \/>\n<meta property=\"og:url\" content=\"https:\/\/gite-c2c.fr\/index.php\/ski\/\" \/>\n<meta property=\"og:site_name\" content=\"G\u00eete C2C\" \/>\n<meta property=\"article:modified_time\" content=\"2025-01-10T21:50:41+00:00\" \/>\n<meta property=\"og:image\" content=\"https:\/\/gite-c2c.fr\/wp-content\/uploads\/2023\/09\/image.jpeg\" \/>\n\t<meta property=\"og:image:width\" content=\"1024\" \/>\n\t<meta property=\"og:image:height\" content=\"768\" \/>\n\t<meta property=\"og:image:type\" content=\"image\/jpeg\" \/>\n<meta name=\"twitter:card\" content=\"summary_large_image\" \/>\n<script type=\"application\/ld+json\" class=\"yoast-schema-graph\">{\"@context\":\"https:\/\/schema.org\",\"@graph\":[{\"@type\":\"WebPage\",\"@id\":\"https:\/\/gite-c2c.fr\/index.php\/ski\/\",\"url\":\"https:\/\/gite-c2c.fr\/index.php\/ski\/\",\"name\":\"Ski - G\u00eete C2C\",\"isPartOf\":{\"@id\":\"https:\/\/gite-c2c.fr\/#website\"},\"primaryImageOfPage\":{\"@id\":\"https:\/\/gite-c2c.fr\/index.php\/ski\/#primaryimage\"},\"image\":{\"@id\":\"https:\/\/gite-c2c.fr\/index.php\/ski\/#primaryimage\"},\"thumbnailUrl\":\"https:\/\/gite-c2c.fr\/wp-content\/uploads\/2023\/09\/image.jpeg\",\"datePublished\":\"2023-09-13T08:16:38+00:00\",\"dateModified\":\"2025-01-10T21:50:41+00:00\",\"breadcrumb\":{\"@id\":\"https:\/\/gite-c2c.fr\/index.php\/ski\/#breadcrumb\"},\"inLanguage\":\"fr-FR\",\"potentialAction\":[{\"@type\":\"ReadAction\",\"target\":[\"https:\/\/gite-c2c.fr\/index.php\/ski\/\"]}]},{\"@type\":\"ImageObject\",\"inLanguage\":\"fr-FR\",\"@id\":\"https:\/\/gite-c2c.fr\/index.php\/ski\/#primaryimage\",\"url\":\"https:\/\/gite-c2c.fr\/wp-content\/uploads\/2023\/09\/image.jpeg\",\"contentUrl\":\"https:\/\/gite-c2c.fr\/wp-content\/uploads\/2023\/09\/image.jpeg\"},{\"@type\":\"BreadcrumbList\",\"@id\":\"https:\/\/gite-c2c.fr\/index.php\/ski\/#breadcrumb\",\"itemListElement\":[{\"@type\":\"ListItem\",\"position\":1,\"name\":\"Accueil\",\"item\":\"https:\/\/gite-c2c.fr\/\"},{\"@type\":\"ListItem\",\"position\":2,\"name\":\"Ski\"}]},{\"@type\":\"WebSite\",\"@id\":\"https:\/\/gite-c2c.fr\/#website\",\"url\":\"https:\/\/gite-c2c.fr\/\",\"name\":\"G\u00eete Au Coucher de Chartreuse - Location proche Grenoble et Chamb\u00e9ry\",\"description\":\"D\u00e9couvrez un g\u00eete ind\u00e9pendant dans le Gr\u00e9sivaudan, parfait pour les vacances au ski ou les randonn\u00e9es en Is\u00e8re. Chiens accept\u00e9s. R\u00e9servez maintenant !\",\"publisher\":{\"@id\":\"https:\/\/gite-c2c.fr\/#organization\"},\"alternateName\":\"G\u00eete C2C\",\"potentialAction\":[{\"@type\":\"SearchAction\",\"target\":{\"@type\":\"EntryPoint\",\"urlTemplate\":\"https:\/\/gite-c2c.fr\/?s={search_term_string}\"},\"query-input\":{\"@type\":\"PropertyValueSpecification\",\"valueRequired\":true,\"valueName\":\"search_term_string\"}}],\"inLanguage\":\"fr-FR\"},{\"@type\":\"Organization\",\"@id\":\"https:\/\/gite-c2c.fr\/#organization\",\"name\":\"G\u00eete C2C\",\"url\":\"https:\/\/gite-c2c.fr\/\",\"logo\":{\"@type\":\"ImageObject\",\"inLanguage\":\"fr-FR\",\"@id\":\"https:\/\/gite-c2c.fr\/#\/schema\/logo\/image\/\",\"url\":\"https:\/\/gite-c2c.fr\/wp-content\/uploads\/2023\/11\/cropped-Screenshot_2023-11-11-14-35-35-3.png\",\"contentUrl\":\"https:\/\/gite-c2c.fr\/wp-content\/uploads\/2023\/11\/cropped-Screenshot_2023-11-11-14-35-35-3.png\",\"width\":511,\"height\":523,\"caption\":\"G\u00eete C2C\"},\"image\":{\"@id\":\"https:\/\/gite-c2c.fr\/#\/schema\/logo\/image\/\"}}]}<\/script>\n<!-- \/ Yoast SEO plugin. -->","yoast_head_json":{"title":"Ski - G\u00eete C2C","robots":{"index":"index","follow":"follow","max-snippet":"max-snippet:-1","max-image-preview":"max-image-preview:large","max-video-preview":"max-video-preview:-1"},"canonical":"https:\/\/gite-c2c.fr\/index.php\/ski\/","og_locale":"fr_FR","og_type":"article","og_title":"Ski - G\u00eete C2C","og_description":"Plusieurs stations de ski sont accessibles depuis le logement : Plans des 7 Laux :","og_url":"https:\/\/gite-c2c.fr\/index.php\/ski\/","og_site_name":"G\u00eete C2C","article_modified_time":"2025-01-10T21:50:41+00:00","og_image":[{"width":1024,"height":768,"url":"https:\/\/gite-c2c.fr\/wp-content\/uploads\/2023\/09\/image.jpeg","type":"image\/jpeg"}],"twitter_card":"summary_large_image","schema":{"@context":"https:\/\/schema.org","@graph":[{"@type":"WebPage","@id":"https:\/\/gite-c2c.fr\/index.php\/ski\/","url":"https:\/\/gite-c2c.fr\/index.php\/ski\/","name":"Ski - G\u00eete C2C","isPartOf":{"@id":"https:\/\/gite-c2c.fr\/#website"},"primaryImageOfPage":{"@id":"https:\/\/gite-c2c.fr\/index.php\/ski\/#primaryimage"},"image":{"@id":"https:\/\/gite-c2c.fr\/index.php\/ski\/#primaryimage"},"thumbnailUrl":"https:\/\/gite-c2c.fr\/wp-content\/uploads\/2023\/09\/image.jpeg","datePublished":"2023-09-13T08:16:38+00:00","dateModified":"2025-01-10T21:50:41+00:00","breadcrumb":{"@id":"https:\/\/gite-c2c.fr\/index.php\/ski\/#breadcrumb"},"inLanguage":"fr-FR","potentialAction":[{"@type":"ReadAction","target":["https:\/\/gite-c2c.fr\/index.php\/ski\/"]}]},{"@type":"ImageObject","inLanguage":"fr-FR","@id":"https:\/\/gite-c2c.fr\/index.php\/ski\/#primaryimage","url":"https:\/\/gite-c2c.fr\/wp-content\/uploads\/2023\/09\/image.jpeg","contentUrl":"https:\/\/gite-c2c.fr\/wp-content\/uploads\/2023\/09\/image.jpeg"},{"@type":"BreadcrumbList","@id":"https:\/\/gite-c2c.fr\/index.php\/ski\/#breadcrumb","itemListElement":[{"@type":"ListItem","position":1,"name":"Accueil","item":"https:\/\/gite-c2c.fr\/"},{"@type":"ListItem","position":2,"name":"Ski"}]},{"@type":"WebSite","@id":"https:\/\/gite-c2c.fr\/#website","url":"https:\/\/gite-c2c.fr\/","name":"G\u00eete Au Coucher de Chartreuse - Location proche Grenoble et Chamb\u00e9ry","description":"D\u00e9couvrez un g\u00eete ind\u00e9pendant dans le Gr\u00e9sivaudan, parfait pour les vacances au ski ou les randonn\u00e9es en Is\u00e8re. Chiens accept\u00e9s. R\u00e9servez maintenant !","publisher":{"@id":"https:\/\/gite-c2c.fr\/#organization"},"alternateName":"G\u00eete C2C","potentialAction":[{"@type":"SearchAction","target":{"@type":"EntryPoint","urlTemplate":"https:\/\/gite-c2c.fr\/?s={search_term_string}"},"query-input":{"@type":"PropertyValueSpecification","valueRequired":true,"valueName":"search_term_string"}}],"inLanguage":"fr-FR"},{"@type":"Organization","@id":"https:\/\/gite-c2c.fr\/#organization","name":"G\u00eete C2C","url":"https:\/\/gite-c2c.fr\/","logo":{"@type":"ImageObject","inLanguage":"fr-FR","@id":"https:\/\/gite-c2c.fr\/#\/schema\/logo\/image\/","url":"https:\/\/gite-c2c.fr\/wp-content\/uploads\/2023\/11\/cropped-Screenshot_2023-11-11-14-35-35-3.png","contentUrl":"https:\/\/gite-c2c.fr\/wp-content\/uploads\/2023\/11\/cropped-Screenshot_2023-11-11-14-35-35-3.png","width":511,"height":523,"caption":"G\u00eete C2C"},"image":{"@id":"https:\/\/gite-c2c.fr\/#\/schema\/logo\/image\/"}}]}},"_links":{"self":[{"href":"https:\/\/gite-c2c.fr\/index.php\/wp-json\/wp\/v2\/pages\/136","targetHints":{"allow":["GET"]}}],"collection":[{"href":"https:\/\/gite-c2c.fr\/index.php\/wp-json\/wp\/v2\/pages"}],"about":[{"href":"https:\/\/gite-c2c.fr\/index.php\/wp-json\/wp\/v2\/types\/page"}],"author":[{"embeddable":true,"href":"https:\/\/gite-c2c.fr\/index.php\/wp-json\/wp\/v2\/users\/1"}],"replies":[{"embeddable":true,"href":"https:\/\/gite-c2c.fr\/index.php\/wp-json\/wp\/v2\/comments?post=136"}],"version-history":[{"count":8,"href":"https:\/\/gite-c2c.fr\/index.php\/wp-json\/wp\/v2\/pages\/136\/revisions"}],"predecessor-version":[{"id":236,"href":"https:\/\/gite-c2c.fr\/index.php\/wp-json\/wp\/v2\/pages\/136\/revisions\/236"}],"wp:attachment":[{"href":"https:\/\/gite-c2c.fr\/index.php\/wp-json\/wp\/v2\/media?parent=136"}],"curies":[{"name":"wp","href":"https:\/\/api.w.org\/{rel}","templated":true}]}}