{"id":141,"date":"2024-02-20T15:44:05","date_gmt":"2024-02-20T14:44:05","guid":{"rendered":"https:\/\/gite-c2c.fr\/?page_id=141"},"modified":"2024-02-20T15:48:07","modified_gmt":"2024-02-20T14:48:07","slug":"activites-en-famille","status":"publish","type":"page","link":"https:\/\/gite-c2c.fr\/index.php\/activites-en-famille\/","title":{"rendered":"Activit\u00e9s en famille"},"content":{"rendered":"\n<h2 class=\"wp-block-heading\">Elfy Park<\/h2>\n\n\n\n<p>Elfy Park propose une multitude de jeux sur la th\u00e9matique des l\u00e9gendes elfiques.<\/p>\n\n\n\n<p>A 13 min en voiture : Base de Loisirs Intercommunale, route du Lac, 38660 La Terrasse.<\/p>\n\n\n\n<p><a href=\"https:\/\/www.elfypark-isere.fr\/\" data-type=\"link\" data-id=\"https:\/\/www.elfypark-isere.fr\/\" target=\"_blank\" rel=\"noreferrer noopener\">En savoir plus&#8230;<\/a><\/p>\n\n\n\nngg_shortcode_0_placeholder\n\n\n\n<h2 class=\"wp-block-heading\">Espace ludique de Marcieu<\/h2>\n\n\n\n<p>Et\u00e9 comme hiver, d\u00e9couvrez des activit\u00e9s familiales ludiques \u00e0 25 minutes du g\u00eete (Col de Marcieu, 38660 Plateau-des-Petites-Roches).<\/p>\n\n\n\n<figure class=\"wp-block-image size-large\"><a href=\"https:\/\/www.col-marcieu.com\/\"><img loading=\"lazy\" decoding=\"async\" width=\"1024\" height=\"234\" src=\"https:\/\/gite-c2c.fr\/wp-content\/uploads\/2024\/02\/marcieu2-1024x234.jpg\" alt=\"\" class=\"wp-image-209\" srcset=\"https:\/\/gite-c2c.fr\/wp-content\/uploads\/2024\/02\/marcieu2-1024x234.jpg 1024w, https:\/\/gite-c2c.fr\/wp-content\/uploads\/2024\/02\/marcieu2-300x68.jpg 300w, https:\/\/gite-c2c.fr\/wp-content\/uploads\/2024\/02\/marcieu2-768x175.jpg 768w, https:\/\/gite-c2c.fr\/wp-content\/uploads\/2024\/02\/marcieu2.jpg 1407w\" sizes=\"auto, (max-width: 1024px) 100vw, 1024px\" \/><\/a><\/figure>\n\n\n\n<figure class=\"wp-block-image size-large\"><a href=\"https:\/\/www.col-marcieu.com\/\"><img loading=\"lazy\" decoding=\"async\" width=\"1024\" height=\"525\" src=\"https:\/\/gite-c2c.fr\/wp-content\/uploads\/2024\/02\/marcieu-1024x525.jpg\" alt=\"\" class=\"wp-image-210\" srcset=\"https:\/\/gite-c2c.fr\/wp-content\/uploads\/2024\/02\/marcieu-1024x525.jpg 1024w, https:\/\/gite-c2c.fr\/wp-content\/uploads\/2024\/02\/marcieu-300x154.jpg 300w, https:\/\/gite-c2c.fr\/wp-content\/uploads\/2024\/02\/marcieu-768x393.jpg 768w, https:\/\/gite-c2c.fr\/wp-content\/uploads\/2024\/02\/marcieu.jpg 1056w\" sizes=\"auto, (max-width: 1024px) 100vw, 1024px\" \/><\/a><\/figure>\n\n\n\n<div style=\"height:100px\" aria-hidden=\"true\" class=\"wp-block-spacer\"><\/div>\n","protected":false},"excerpt":{"rendered":"<p>Elfy Park Elfy Park propose une multitude de jeux sur la th\u00e9matique des l\u00e9gendes elfiques. A 13 min en voiture : Base de Loisirs Intercommunale, route du Lac, 38660 La Terrasse. En savoir plus&#8230; Espace ludique de Marcieu Et\u00e9 comme hiver, d\u00e9couvrez des activit\u00e9s familiales ludiques \u00e0 25 minutes du [&hellip;]<\/p>\n","protected":false},"author":1,"featured_media":0,"parent":0,"menu_order":0,"comment_status":"closed","ping_status":"closed","template":"","meta":{"ngg_post_thumbnail":0,"footnotes":""},"class_list":["post-141","page","type-page","status-publish","hentry"],"yoast_head":"<!-- This site is optimized with the Yoast SEO plugin v24.3 - https:\/\/yoast.com\/wordpress\/plugins\/seo\/ -->\n<title>Activit\u00e9s en famille - G\u00eete C2C<\/title>\n<meta name=\"robots\" content=\"index, follow, max-snippet:-1, max-image-preview:large, max-video-preview:-1\" \/>\n<link rel=\"canonical\" href=\"https:\/\/gite-c2c.fr\/index.php\/activites-en-famille\/\" \/>\n<meta property=\"og:locale\" content=\"fr_FR\" \/>\n<meta property=\"og:type\" content=\"article\" \/>\n<meta property=\"og:title\" content=\"Activit\u00e9s en famille - G\u00eete C2C\" \/>\n<meta property=\"og:description\" content=\"Elfy Park Elfy Park propose une multitude de jeux sur la th\u00e9matique des l\u00e9gendes elfiques. A 13 min en voiture : Base de Loisirs Intercommunale, route du Lac, 38660 La Terrasse. En savoir plus&#8230; Espace ludique de Marcieu Et\u00e9 comme hiver, d\u00e9couvrez des activit\u00e9s familiales ludiques \u00e0 25 minutes du [&hellip;]\" \/>\n<meta property=\"og:url\" content=\"https:\/\/gite-c2c.fr\/index.php\/activites-en-famille\/\" \/>\n<meta property=\"og:site_name\" content=\"G\u00eete C2C\" \/>\n<meta property=\"article:modified_time\" content=\"2024-02-20T14:48:07+00:00\" \/>\n<meta property=\"og:image\" content=\"https:\/\/gite-c2c.fr\/wp-content\/uploads\/2024\/02\/marcieu2.jpg\" \/>\n\t<meta property=\"og:image:width\" content=\"1407\" \/>\n\t<meta property=\"og:image:height\" content=\"321\" \/>\n\t<meta property=\"og:image:type\" content=\"image\/jpeg\" \/>\n<meta name=\"twitter:card\" content=\"summary_large_image\" \/>\n<script type=\"application\/ld+json\" class=\"yoast-schema-graph\">{\"@context\":\"https:\/\/schema.org\",\"@graph\":[{\"@type\":\"WebPage\",\"@id\":\"https:\/\/gite-c2c.fr\/index.php\/activites-en-famille\/\",\"url\":\"https:\/\/gite-c2c.fr\/index.php\/activites-en-famille\/\",\"name\":\"Activit\u00e9s en famille - G\u00eete C2C\",\"isPartOf\":{\"@id\":\"https:\/\/gite-c2c.fr\/#website\"},\"primaryImageOfPage\":{\"@id\":\"https:\/\/gite-c2c.fr\/index.php\/activites-en-famille\/#primaryimage\"},\"image\":{\"@id\":\"https:\/\/gite-c2c.fr\/index.php\/activites-en-famille\/#primaryimage\"},\"thumbnailUrl\":\"https:\/\/gite-c2c.fr\/wp-content\/uploads\/2024\/02\/marcieu2-1024x234.jpg\",\"datePublished\":\"2024-02-20T14:44:05+00:00\",\"dateModified\":\"2024-02-20T14:48:07+00:00\",\"breadcrumb\":{\"@id\":\"https:\/\/gite-c2c.fr\/index.php\/activites-en-famille\/#breadcrumb\"},\"inLanguage\":\"fr-FR\",\"potentialAction\":[{\"@type\":\"ReadAction\",\"target\":[\"https:\/\/gite-c2c.fr\/index.php\/activites-en-famille\/\"]}]},{\"@type\":\"ImageObject\",\"inLanguage\":\"fr-FR\",\"@id\":\"https:\/\/gite-c2c.fr\/index.php\/activites-en-famille\/#primaryimage\",\"url\":\"https:\/\/gite-c2c.fr\/wp-content\/uploads\/2024\/02\/marcieu2.jpg\",\"contentUrl\":\"https:\/\/gite-c2c.fr\/wp-content\/uploads\/2024\/02\/marcieu2.jpg\",\"width\":1407,\"height\":321},{\"@type\":\"BreadcrumbList\",\"@id\":\"https:\/\/gite-c2c.fr\/index.php\/activites-en-famille\/#breadcrumb\",\"itemListElement\":[{\"@type\":\"ListItem\",\"position\":1,\"name\":\"Accueil\",\"item\":\"https:\/\/gite-c2c.fr\/\"},{\"@type\":\"ListItem\",\"position\":2,\"name\":\"Activit\u00e9s en famille\"}]},{\"@type\":\"WebSite\",\"@id\":\"https:\/\/gite-c2c.fr\/#website\",\"url\":\"https:\/\/gite-c2c.fr\/\",\"name\":\"G\u00eete Au Coucher de Chartreuse - Location proche Grenoble et Chamb\u00e9ry\",\"description\":\"D\u00e9couvrez un g\u00eete ind\u00e9pendant dans le Gr\u00e9sivaudan, parfait pour les vacances au ski ou les randonn\u00e9es en Is\u00e8re. Chiens accept\u00e9s. R\u00e9servez maintenant !\",\"publisher\":{\"@id\":\"https:\/\/gite-c2c.fr\/#organization\"},\"alternateName\":\"G\u00eete C2C\",\"potentialAction\":[{\"@type\":\"SearchAction\",\"target\":{\"@type\":\"EntryPoint\",\"urlTemplate\":\"https:\/\/gite-c2c.fr\/?s={search_term_string}\"},\"query-input\":{\"@type\":\"PropertyValueSpecification\",\"valueRequired\":true,\"valueName\":\"search_term_string\"}}],\"inLanguage\":\"fr-FR\"},{\"@type\":\"Organization\",\"@id\":\"https:\/\/gite-c2c.fr\/#organization\",\"name\":\"G\u00eete C2C\",\"url\":\"https:\/\/gite-c2c.fr\/\",\"logo\":{\"@type\":\"ImageObject\",\"inLanguage\":\"fr-FR\",\"@id\":\"https:\/\/gite-c2c.fr\/#\/schema\/logo\/image\/\",\"url\":\"https:\/\/gite-c2c.fr\/wp-content\/uploads\/2023\/11\/cropped-Screenshot_2023-11-11-14-35-35-3.png\",\"contentUrl\":\"https:\/\/gite-c2c.fr\/wp-content\/uploads\/2023\/11\/cropped-Screenshot_2023-11-11-14-35-35-3.png\",\"width\":511,\"height\":523,\"caption\":\"G\u00eete C2C\"},\"image\":{\"@id\":\"https:\/\/gite-c2c.fr\/#\/schema\/logo\/image\/\"}}]}<\/script>\n<!-- \/ Yoast SEO plugin. -->","yoast_head_json":{"title":"Activit\u00e9s en famille - G\u00eete C2C","robots":{"index":"index","follow":"follow","max-snippet":"max-snippet:-1","max-image-preview":"max-image-preview:large","max-video-preview":"max-video-preview:-1"},"canonical":"https:\/\/gite-c2c.fr\/index.php\/activites-en-famille\/","og_locale":"fr_FR","og_type":"article","og_title":"Activit\u00e9s en famille - G\u00eete C2C","og_description":"Elfy Park Elfy Park propose une multitude de jeux sur la th\u00e9matique des l\u00e9gendes elfiques. A 13 min en voiture : Base de Loisirs Intercommunale, route du Lac, 38660 La Terrasse. En savoir plus&#8230; Espace ludique de Marcieu Et\u00e9 comme hiver, d\u00e9couvrez des activit\u00e9s familiales ludiques \u00e0 25 minutes du [&hellip;]","og_url":"https:\/\/gite-c2c.fr\/index.php\/activites-en-famille\/","og_site_name":"G\u00eete C2C","article_modified_time":"2024-02-20T14:48:07+00:00","og_image":[{"width":1407,"height":321,"url":"https:\/\/gite-c2c.fr\/wp-content\/uploads\/2024\/02\/marcieu2.jpg","type":"image\/jpeg"}],"twitter_card":"summary_large_image","schema":{"@context":"https:\/\/schema.org","@graph":[{"@type":"WebPage","@id":"https:\/\/gite-c2c.fr\/index.php\/activites-en-famille\/","url":"https:\/\/gite-c2c.fr\/index.php\/activites-en-famille\/","name":"Activit\u00e9s en famille - G\u00eete C2C","isPartOf":{"@id":"https:\/\/gite-c2c.fr\/#website"},"primaryImageOfPage":{"@id":"https:\/\/gite-c2c.fr\/index.php\/activites-en-famille\/#primaryimage"},"image":{"@id":"https:\/\/gite-c2c.fr\/index.php\/activites-en-famille\/#primaryimage"},"thumbnailUrl":"https:\/\/gite-c2c.fr\/wp-content\/uploads\/2024\/02\/marcieu2-1024x234.jpg","datePublished":"2024-02-20T14:44:05+00:00","dateModified":"2024-02-20T14:48:07+00:00","breadcrumb":{"@id":"https:\/\/gite-c2c.fr\/index.php\/activites-en-famille\/#breadcrumb"},"inLanguage":"fr-FR","potentialAction":[{"@type":"ReadAction","target":["https:\/\/gite-c2c.fr\/index.php\/activites-en-famille\/"]}]},{"@type":"ImageObject","inLanguage":"fr-FR","@id":"https:\/\/gite-c2c.fr\/index.php\/activites-en-famille\/#primaryimage","url":"https:\/\/gite-c2c.fr\/wp-content\/uploads\/2024\/02\/marcieu2.jpg","contentUrl":"https:\/\/gite-c2c.fr\/wp-content\/uploads\/2024\/02\/marcieu2.jpg","width":1407,"height":321},{"@type":"BreadcrumbList","@id":"https:\/\/gite-c2c.fr\/index.php\/activites-en-famille\/#breadcrumb","itemListElement":[{"@type":"ListItem","position":1,"name":"Accueil","item":"https:\/\/gite-c2c.fr\/"},{"@type":"ListItem","position":2,"name":"Activit\u00e9s en famille"}]},{"@type":"WebSite","@id":"https:\/\/gite-c2c.fr\/#website","url":"https:\/\/gite-c2c.fr\/","name":"G\u00eete Au Coucher de Chartreuse - Location proche Grenoble et Chamb\u00e9ry","description":"D\u00e9couvrez un g\u00eete ind\u00e9pendant dans le Gr\u00e9sivaudan, parfait pour les vacances au ski ou les randonn\u00e9es en Is\u00e8re. Chiens accept\u00e9s. R\u00e9servez maintenant !","publisher":{"@id":"https:\/\/gite-c2c.fr\/#organization"},"alternateName":"G\u00eete C2C","potentialAction":[{"@type":"SearchAction","target":{"@type":"EntryPoint","urlTemplate":"https:\/\/gite-c2c.fr\/?s={search_term_string}"},"query-input":{"@type":"PropertyValueSpecification","valueRequired":true,"valueName":"search_term_string"}}],"inLanguage":"fr-FR"},{"@type":"Organization","@id":"https:\/\/gite-c2c.fr\/#organization","name":"G\u00eete C2C","url":"https:\/\/gite-c2c.fr\/","logo":{"@type":"ImageObject","inLanguage":"fr-FR","@id":"https:\/\/gite-c2c.fr\/#\/schema\/logo\/image\/","url":"https:\/\/gite-c2c.fr\/wp-content\/uploads\/2023\/11\/cropped-Screenshot_2023-11-11-14-35-35-3.png","contentUrl":"https:\/\/gite-c2c.fr\/wp-content\/uploads\/2023\/11\/cropped-Screenshot_2023-11-11-14-35-35-3.png","width":511,"height":523,"caption":"G\u00eete C2C"},"image":{"@id":"https:\/\/gite-c2c.fr\/#\/schema\/logo\/image\/"}}]}},"_links":{"self":[{"href":"https:\/\/gite-c2c.fr\/index.php\/wp-json\/wp\/v2\/pages\/141","targetHints":{"allow":["GET"]}}],"collection":[{"href":"https:\/\/gite-c2c.fr\/index.php\/wp-json\/wp\/v2\/pages"}],"about":[{"href":"https:\/\/gite-c2c.fr\/index.php\/wp-json\/wp\/v2\/types\/page"}],"author":[{"embeddable":true,"href":"https:\/\/gite-c2c.fr\/index.php\/wp-json\/wp\/v2\/users\/1"}],"replies":[{"embeddable":true,"href":"https:\/\/gite-c2c.fr\/index.php\/wp-json\/wp\/v2\/comments?post=141"}],"version-history":[{"count":11,"href":"https:\/\/gite-c2c.fr\/index.php\/wp-json\/wp\/v2\/pages\/141\/revisions"}],"predecessor-version":[{"id":217,"href":"https:\/\/gite-c2c.fr\/index.php\/wp-json\/wp\/v2\/pages\/141\/revisions\/217"}],"wp:attachment":[{"href":"https:\/\/gite-c2c.fr\/index.php\/wp-json\/wp\/v2\/media?parent=141"}],"curies":[{"name":"wp","href":"https:\/\/api.w.org\/{rel}","templated":true}]}}