{"id":176,"date":"2024-02-06T13:11:03","date_gmt":"2024-02-06T12:11:03","guid":{"rendered":"https:\/\/gite-c2c.fr\/?page_id=176"},"modified":"2024-02-06T13:11:04","modified_gmt":"2024-02-06T12:11:04","slug":"disponibilites","status":"publish","type":"page","link":"https:\/\/gite-c2c.fr\/index.php\/disponibilites\/","title":{"rendered":"Disponibilit\u00e9s"},"content":{"rendered":"<div class=\"wpsbc-container wpsbc-calendar-1\" data-id=\"1\" data-show_title=\"1\" data-show_legend=\"0\" data-legend_position=\"side\" data-show_button_navigation=\"1\" data-current_year=\"2026\" data-current_month=\"4\" data-language=\"fr\" data-min_width=\"200\" data-max_width=\"380\" ><h2>Gite C2C<\/h2><div class=\"wpsbc-calendars-wrapper \"><div class=\"wpsbc-calendars\"><div class=\"wpsbc-calendar\"><div class=\"wpsbc-calendar-header wpsbc-heading\"><div class=\"wpsbc-calendar-header-navigation\"><a href=\"#\" class=\"wpsbc-prev\"><span class=\"wpsbc-arrow\"><\/span><\/a><div class=\"wpsbc-select-container\"><select><option value=\"1768435200\" >Janvier 2026<\/option><option value=\"1771113600\" >F\u00e9vrier 2026<\/option><option value=\"1773532800\" >Mars 2026<\/option><option value=\"1776211200\"  selected='selected'>Avril 2026<\/option><option value=\"1778803200\" >Mai 2026<\/option><option value=\"1781481600\" >Juin 2026<\/option><option value=\"1784073600\" >Juillet 2026<\/option><option value=\"1786752000\" >Ao\u00fbt 2026<\/option><option value=\"1789430400\" >Septembre 2026<\/option><option value=\"1792022400\" >Octobre 2026<\/option><option value=\"1794700800\" >Novembre 2026<\/option><option value=\"1797292800\" >D\u00e9cembre 2026<\/option><option value=\"1799971200\" >Janvier 2027<\/option><option value=\"1802649600\" >F\u00e9vrier 2027<\/option><option value=\"1805068800\" >Mars 2027<\/option><option value=\"1807747200\" >Avril 2027<\/option><\/select><\/div><a href=\"#\" class=\"wpsbc-next\"><span class=\"wpsbc-arrow\"><\/span><\/a><\/div><\/div><div class=\"wpsbc-calendar-wrapper\"><table><thead><tr><th>L<\/th><th>M<\/th><th>M<\/th><th>J<\/th><th>V<\/th><th>S<\/th><th>D<\/th><\/tr><\/thead><tbody><tr><td><div class=\"wpsbc-date  wpsbc-gap\" ><div class=\"wpsbc-date-inner\"><\/div><\/div><\/td><td><div class=\"wpsbc-date  wpsbc-gap\" ><div class=\"wpsbc-date-inner\"><\/div><\/div><\/td><td><div class=\"wpsbc-date wpsbc-legend-item-1 \" data-year=\"2026\" data-month=\"4\" data-day=\"1\"><div class=\"wpsbc-legend-item-icon wpsbc-legend-item-icon-1\" data-type=\"single\"><div class=\"wpsbc-legend-item-icon-color\" ><\/div><div class=\"wpsbc-legend-item-icon-color\" ><\/div><\/div><div class=\"wpsbc-date-inner\"><span class=\"wpsbc-date-number\">1<\/span><\/div><\/div><\/td><td><div class=\"wpsbc-date wpsbc-legend-item-1 \" data-year=\"2026\" data-month=\"4\" data-day=\"2\"><div class=\"wpsbc-legend-item-icon wpsbc-legend-item-icon-1\" data-type=\"single\"><div class=\"wpsbc-legend-item-icon-color\" ><\/div><div class=\"wpsbc-legend-item-icon-color\" ><\/div><\/div><div class=\"wpsbc-date-inner\"><span class=\"wpsbc-date-number\">2<\/span><\/div><\/div><\/td><td><div class=\"wpsbc-date wpsbc-legend-item-1 \" data-year=\"2026\" data-month=\"4\" data-day=\"3\"><div class=\"wpsbc-legend-item-icon wpsbc-legend-item-icon-1\" data-type=\"single\"><div class=\"wpsbc-legend-item-icon-color\" ><\/div><div class=\"wpsbc-legend-item-icon-color\" ><\/div><\/div><div class=\"wpsbc-date-inner\"><span class=\"wpsbc-date-number\">3<\/span><\/div><\/div><\/td><td><div class=\"wpsbc-date wpsbc-legend-item-1 \" data-year=\"2026\" data-month=\"4\" data-day=\"4\"><div class=\"wpsbc-legend-item-icon wpsbc-legend-item-icon-1\" data-type=\"single\"><div class=\"wpsbc-legend-item-icon-color\" ><\/div><div class=\"wpsbc-legend-item-icon-color\" ><\/div><\/div><div class=\"wpsbc-date-inner\"><span class=\"wpsbc-date-number\">4<\/span><\/div><\/div><\/td><td><div class=\"wpsbc-date wpsbc-legend-item-1 \" data-year=\"2026\" data-month=\"4\" data-day=\"5\"><div class=\"wpsbc-legend-item-icon wpsbc-legend-item-icon-1\" data-type=\"single\"><div class=\"wpsbc-legend-item-icon-color\" ><\/div><div class=\"wpsbc-legend-item-icon-color\" ><\/div><\/div><div class=\"wpsbc-date-inner\"><span class=\"wpsbc-date-number\">5<\/span><\/div><\/div><\/td><\/tr><tr><td><div class=\"wpsbc-date wpsbc-legend-item-1 \" data-year=\"2026\" data-month=\"4\" data-day=\"6\"><div class=\"wpsbc-legend-item-icon wpsbc-legend-item-icon-1\" data-type=\"single\"><div class=\"wpsbc-legend-item-icon-color\" ><\/div><div class=\"wpsbc-legend-item-icon-color\" ><\/div><\/div><div class=\"wpsbc-date-inner\"><span class=\"wpsbc-date-number\">6<\/span><\/div><\/div><\/td><td><div class=\"wpsbc-date wpsbc-legend-item-1 \" data-year=\"2026\" data-month=\"4\" data-day=\"7\"><div class=\"wpsbc-legend-item-icon wpsbc-legend-item-icon-1\" data-type=\"single\"><div class=\"wpsbc-legend-item-icon-color\" ><\/div><div class=\"wpsbc-legend-item-icon-color\" ><\/div><\/div><div class=\"wpsbc-date-inner\"><span class=\"wpsbc-date-number\">7<\/span><\/div><\/div><\/td><td><div class=\"wpsbc-date wpsbc-legend-item-1 \" data-year=\"2026\" data-month=\"4\" data-day=\"8\"><div class=\"wpsbc-legend-item-icon wpsbc-legend-item-icon-1\" data-type=\"single\"><div class=\"wpsbc-legend-item-icon-color\" ><\/div><div class=\"wpsbc-legend-item-icon-color\" ><\/div><\/div><div class=\"wpsbc-date-inner\"><span class=\"wpsbc-date-number\">8<\/span><\/div><\/div><\/td><td><div class=\"wpsbc-date wpsbc-legend-item-1 \" data-year=\"2026\" data-month=\"4\" data-day=\"9\"><div class=\"wpsbc-legend-item-icon wpsbc-legend-item-icon-1\" data-type=\"single\"><div class=\"wpsbc-legend-item-icon-color\" ><\/div><div class=\"wpsbc-legend-item-icon-color\" ><\/div><\/div><div class=\"wpsbc-date-inner\"><span class=\"wpsbc-date-number\">9<\/span><\/div><\/div><\/td><td><div class=\"wpsbc-date wpsbc-legend-item-1 \" data-year=\"2026\" data-month=\"4\" data-day=\"10\"><div class=\"wpsbc-legend-item-icon wpsbc-legend-item-icon-1\" data-type=\"single\"><div class=\"wpsbc-legend-item-icon-color\" ><\/div><div class=\"wpsbc-legend-item-icon-color\" ><\/div><\/div><div class=\"wpsbc-date-inner\"><span class=\"wpsbc-date-number\">10<\/span><\/div><\/div><\/td><td><div class=\"wpsbc-date wpsbc-legend-item-1 \" data-year=\"2026\" data-month=\"4\" data-day=\"11\"><div class=\"wpsbc-legend-item-icon wpsbc-legend-item-icon-1\" data-type=\"single\"><div class=\"wpsbc-legend-item-icon-color\" ><\/div><div class=\"wpsbc-legend-item-icon-color\" ><\/div><\/div><div class=\"wpsbc-date-inner\"><span class=\"wpsbc-date-number\">11<\/span><\/div><\/div><\/td><td><div class=\"wpsbc-date wpsbc-legend-item-1 \" data-year=\"2026\" data-month=\"4\" data-day=\"12\"><div class=\"wpsbc-legend-item-icon wpsbc-legend-item-icon-1\" data-type=\"single\"><div class=\"wpsbc-legend-item-icon-color\" ><\/div><div class=\"wpsbc-legend-item-icon-color\" ><\/div><\/div><div class=\"wpsbc-date-inner\"><span class=\"wpsbc-date-number\">12<\/span><\/div><\/div><\/td><\/tr><tr><td><div class=\"wpsbc-date wpsbc-legend-item-1 \" data-year=\"2026\" data-month=\"4\" data-day=\"13\"><div class=\"wpsbc-legend-item-icon wpsbc-legend-item-icon-1\" data-type=\"single\"><div class=\"wpsbc-legend-item-icon-color\" ><\/div><div class=\"wpsbc-legend-item-icon-color\" ><\/div><\/div><div class=\"wpsbc-date-inner\"><span class=\"wpsbc-date-number\">13<\/span><\/div><\/div><\/td><td><div class=\"wpsbc-date wpsbc-legend-item-1 \" data-year=\"2026\" data-month=\"4\" data-day=\"14\"><div class=\"wpsbc-legend-item-icon wpsbc-legend-item-icon-1\" data-type=\"single\"><div class=\"wpsbc-legend-item-icon-color\" ><\/div><div class=\"wpsbc-legend-item-icon-color\" ><\/div><\/div><div class=\"wpsbc-date-inner\"><span class=\"wpsbc-date-number\">14<\/span><\/div><\/div><\/td><td><div class=\"wpsbc-date wpsbc-legend-item-1 \" data-year=\"2026\" data-month=\"4\" data-day=\"15\"><div class=\"wpsbc-legend-item-icon wpsbc-legend-item-icon-1\" data-type=\"single\"><div class=\"wpsbc-legend-item-icon-color\" ><\/div><div class=\"wpsbc-legend-item-icon-color\" ><\/div><\/div><div class=\"wpsbc-date-inner\"><span class=\"wpsbc-date-number\">15<\/span><\/div><\/div><\/td><td><div class=\"wpsbc-date wpsbc-legend-item-1 \" data-year=\"2026\" data-month=\"4\" data-day=\"16\"><div class=\"wpsbc-legend-item-icon wpsbc-legend-item-icon-1\" data-type=\"single\"><div class=\"wpsbc-legend-item-icon-color\" ><\/div><div class=\"wpsbc-legend-item-icon-color\" ><\/div><\/div><div class=\"wpsbc-date-inner\"><span class=\"wpsbc-date-number\">16<\/span><\/div><\/div><\/td><td><div class=\"wpsbc-date wpsbc-legend-item-1 \" data-year=\"2026\" data-month=\"4\" data-day=\"17\"><div class=\"wpsbc-legend-item-icon wpsbc-legend-item-icon-1\" data-type=\"single\"><div class=\"wpsbc-legend-item-icon-color\" ><\/div><div class=\"wpsbc-legend-item-icon-color\" ><\/div><\/div><div class=\"wpsbc-date-inner\"><span class=\"wpsbc-date-number\">17<\/span><\/div><\/div><\/td><td><div class=\"wpsbc-date wpsbc-legend-item-1 \" data-year=\"2026\" data-month=\"4\" data-day=\"18\"><div class=\"wpsbc-legend-item-icon wpsbc-legend-item-icon-1\" data-type=\"single\"><div class=\"wpsbc-legend-item-icon-color\" ><\/div><div class=\"wpsbc-legend-item-icon-color\" ><\/div><\/div><div class=\"wpsbc-date-inner\"><span class=\"wpsbc-date-number\">18<\/span><\/div><\/div><\/td><td><div class=\"wpsbc-date wpsbc-legend-item-1 \" data-year=\"2026\" data-month=\"4\" data-day=\"19\"><div class=\"wpsbc-legend-item-icon wpsbc-legend-item-icon-1\" data-type=\"single\"><div class=\"wpsbc-legend-item-icon-color\" ><\/div><div class=\"wpsbc-legend-item-icon-color\" ><\/div><\/div><div class=\"wpsbc-date-inner\"><span class=\"wpsbc-date-number\">19<\/span><\/div><\/div><\/td><\/tr><tr><td><div class=\"wpsbc-date wpsbc-legend-item-1 \" data-year=\"2026\" data-month=\"4\" data-day=\"20\"><div class=\"wpsbc-legend-item-icon wpsbc-legend-item-icon-1\" data-type=\"single\"><div class=\"wpsbc-legend-item-icon-color\" ><\/div><div class=\"wpsbc-legend-item-icon-color\" ><\/div><\/div><div class=\"wpsbc-date-inner\"><span class=\"wpsbc-date-number\">20<\/span><\/div><\/div><\/td><td><div class=\"wpsbc-date wpsbc-legend-item-1 \" data-year=\"2026\" data-month=\"4\" data-day=\"21\"><div class=\"wpsbc-legend-item-icon wpsbc-legend-item-icon-1\" data-type=\"single\"><div class=\"wpsbc-legend-item-icon-color\" ><\/div><div class=\"wpsbc-legend-item-icon-color\" ><\/div><\/div><div class=\"wpsbc-date-inner\"><span class=\"wpsbc-date-number\">21<\/span><\/div><\/div><\/td><td><div class=\"wpsbc-date wpsbc-legend-item-1 \" data-year=\"2026\" data-month=\"4\" data-day=\"22\"><div class=\"wpsbc-legend-item-icon wpsbc-legend-item-icon-1\" data-type=\"single\"><div class=\"wpsbc-legend-item-icon-color\" ><\/div><div class=\"wpsbc-legend-item-icon-color\" ><\/div><\/div><div class=\"wpsbc-date-inner\"><span class=\"wpsbc-date-number\">22<\/span><\/div><\/div><\/td><td><div class=\"wpsbc-date wpsbc-legend-item-1 \" data-year=\"2026\" data-month=\"4\" data-day=\"23\"><div class=\"wpsbc-legend-item-icon wpsbc-legend-item-icon-1\" data-type=\"single\"><div class=\"wpsbc-legend-item-icon-color\" ><\/div><div class=\"wpsbc-legend-item-icon-color\" ><\/div><\/div><div class=\"wpsbc-date-inner\"><span class=\"wpsbc-date-number\">23<\/span><\/div><\/div><\/td><td><div class=\"wpsbc-date wpsbc-legend-item-1 \" data-year=\"2026\" data-month=\"4\" data-day=\"24\"><div class=\"wpsbc-legend-item-icon wpsbc-legend-item-icon-1\" data-type=\"single\"><div class=\"wpsbc-legend-item-icon-color\" ><\/div><div class=\"wpsbc-legend-item-icon-color\" ><\/div><\/div><div class=\"wpsbc-date-inner\"><span class=\"wpsbc-date-number\">24<\/span><\/div><\/div><\/td><td><div class=\"wpsbc-date wpsbc-legend-item-1 \" data-year=\"2026\" data-month=\"4\" data-day=\"25\"><div class=\"wpsbc-legend-item-icon wpsbc-legend-item-icon-1\" data-type=\"single\"><div class=\"wpsbc-legend-item-icon-color\" ><\/div><div class=\"wpsbc-legend-item-icon-color\" ><\/div><\/div><div class=\"wpsbc-date-inner\"><span class=\"wpsbc-date-number\">25<\/span><\/div><\/div><\/td><td><div class=\"wpsbc-date wpsbc-legend-item-2 \" data-year=\"2026\" data-month=\"4\" data-day=\"26\"><div class=\"wpsbc-legend-item-icon wpsbc-legend-item-icon-2\" data-type=\"single\"><div class=\"wpsbc-legend-item-icon-color\" ><\/div><div class=\"wpsbc-legend-item-icon-color\" ><\/div><\/div><div class=\"wpsbc-date-inner\"><span class=\"wpsbc-date-number\">26<\/span><\/div><\/div><\/td><\/tr><tr><td><div class=\"wpsbc-date wpsbc-legend-item-2 \" data-year=\"2026\" data-month=\"4\" data-day=\"27\"><div class=\"wpsbc-legend-item-icon wpsbc-legend-item-icon-2\" data-type=\"single\"><div class=\"wpsbc-legend-item-icon-color\" ><\/div><div class=\"wpsbc-legend-item-icon-color\" ><\/div><\/div><div class=\"wpsbc-date-inner\"><span class=\"wpsbc-date-number\">27<\/span><\/div><\/div><\/td><td><div class=\"wpsbc-date wpsbc-legend-item-2 \" data-year=\"2026\" data-month=\"4\" data-day=\"28\"><div class=\"wpsbc-legend-item-icon wpsbc-legend-item-icon-2\" data-type=\"single\"><div class=\"wpsbc-legend-item-icon-color\" ><\/div><div class=\"wpsbc-legend-item-icon-color\" ><\/div><\/div><div class=\"wpsbc-date-inner\"><span class=\"wpsbc-date-number\">28<\/span><\/div><\/div><\/td><td><div class=\"wpsbc-date wpsbc-legend-item-2 \" data-year=\"2026\" data-month=\"4\" data-day=\"29\"><div class=\"wpsbc-legend-item-icon wpsbc-legend-item-icon-2\" data-type=\"single\"><div class=\"wpsbc-legend-item-icon-color\" ><\/div><div class=\"wpsbc-legend-item-icon-color\" ><\/div><\/div><div class=\"wpsbc-date-inner\"><span class=\"wpsbc-date-number\">29<\/span><\/div><\/div><\/td><td><div class=\"wpsbc-date wpsbc-legend-item-2 \" data-year=\"2026\" data-month=\"4\" data-day=\"30\"><div class=\"wpsbc-legend-item-icon wpsbc-legend-item-icon-2\" data-type=\"single\"><div class=\"wpsbc-legend-item-icon-color\" ><\/div><div class=\"wpsbc-legend-item-icon-color\" ><\/div><\/div><div class=\"wpsbc-date-inner\"><span class=\"wpsbc-date-number\">30<\/span><\/div><\/div><\/td><td><div class=\"wpsbc-date  wpsbc-gap\" ><div class=\"wpsbc-date-inner\"><\/div><\/div><\/td><td><div class=\"wpsbc-date  wpsbc-gap\" ><div class=\"wpsbc-date-inner\"><\/div><\/div><\/td><td><div class=\"wpsbc-date  wpsbc-gap\" ><div class=\"wpsbc-date-inner\"><\/div><\/div><\/td><\/tr><\/tbody><\/table><\/div><\/div><\/div><\/div><style>.wpsbc-container.wpsbc-calendar-1 .wpsbc-legend-item-icon-1 div:first-of-type { background-color: #ddffcc; }.wpsbc-container.wpsbc-calendar-1 .wpsbc-legend-item-icon-1 div:nth-of-type(2) { background-color: transparent; }.wpsbc-container.wpsbc-calendar-1 .wpsbc-legend-item-icon-1 div:first-of-type svg { fill: #ddffcc; }.wpsbc-container.wpsbc-calendar-1 .wpsbc-legend-item-icon-1 div:nth-of-type(2) svg { fill: transparent; }.wpsbc-container.wpsbc-calendar-1 .wpsbc-legend-item-icon-2 div:first-of-type { background-color: #ffc0bd; }.wpsbc-container.wpsbc-calendar-1 .wpsbc-legend-item-icon-2 div:nth-of-type(2) { background-color: transparent; }.wpsbc-container.wpsbc-calendar-1 .wpsbc-legend-item-icon-2 div:first-of-type svg { fill: #ffc0bd; }.wpsbc-container.wpsbc-calendar-1 .wpsbc-legend-item-icon-2 div:nth-of-type(2) svg { fill: transparent; }.wpsbc-container.wpsbc-calendar-1 .wpsbc-legend-item-icon-3 div:first-of-type { background-color: #fee2a0; }.wpsbc-container.wpsbc-calendar-1 .wpsbc-legend-item-icon-3 div:nth-of-type(2) { background-color: transparent; }.wpsbc-container.wpsbc-calendar-1 .wpsbc-legend-item-icon-3 div:first-of-type svg { fill: #fee2a0; }.wpsbc-container.wpsbc-calendar-1 .wpsbc-legend-item-icon-3 div:nth-of-type(2) svg { fill: transparent; }<\/style><div class=\"wpsbc-container-loaded\" data-just-loaded=\"1\"><\/div><\/div>","protected":false},"excerpt":{"rendered":"","protected":false},"author":1,"featured_media":0,"parent":0,"menu_order":0,"comment_status":"closed","ping_status":"closed","template":"","meta":{"ngg_post_thumbnail":0,"footnotes":""},"class_list":["post-176","page","type-page","status-publish","hentry"],"yoast_head":"<!-- This site is optimized with the Yoast SEO plugin v24.3 - https:\/\/yoast.com\/wordpress\/plugins\/seo\/ -->\n<title>Disponibilit\u00e9s - G\u00eete C2C<\/title>\n<meta name=\"robots\" content=\"index, follow, max-snippet:-1, max-image-preview:large, max-video-preview:-1\" \/>\n<link rel=\"canonical\" href=\"https:\/\/gite-c2c.fr\/index.php\/disponibilites\/\" \/>\n<meta property=\"og:locale\" content=\"fr_FR\" \/>\n<meta property=\"og:type\" content=\"article\" \/>\n<meta property=\"og:title\" content=\"Disponibilit\u00e9s - G\u00eete C2C\" \/>\n<meta property=\"og:url\" content=\"https:\/\/gite-c2c.fr\/index.php\/disponibilites\/\" \/>\n<meta property=\"og:site_name\" content=\"G\u00eete C2C\" \/>\n<meta property=\"article:modified_time\" content=\"2024-02-06T12:11:04+00:00\" \/>\n<meta name=\"twitter:card\" content=\"summary_large_image\" \/>\n<script type=\"application\/ld+json\" class=\"yoast-schema-graph\">{\"@context\":\"https:\/\/schema.org\",\"@graph\":[{\"@type\":\"WebPage\",\"@id\":\"https:\/\/gite-c2c.fr\/index.php\/disponibilites\/\",\"url\":\"https:\/\/gite-c2c.fr\/index.php\/disponibilites\/\",\"name\":\"Disponibilit\u00e9s - G\u00eete C2C\",\"isPartOf\":{\"@id\":\"https:\/\/gite-c2c.fr\/#website\"},\"datePublished\":\"2024-02-06T12:11:03+00:00\",\"dateModified\":\"2024-02-06T12:11:04+00:00\",\"breadcrumb\":{\"@id\":\"https:\/\/gite-c2c.fr\/index.php\/disponibilites\/#breadcrumb\"},\"inLanguage\":\"fr-FR\",\"potentialAction\":[{\"@type\":\"ReadAction\",\"target\":[\"https:\/\/gite-c2c.fr\/index.php\/disponibilites\/\"]}]},{\"@type\":\"BreadcrumbList\",\"@id\":\"https:\/\/gite-c2c.fr\/index.php\/disponibilites\/#breadcrumb\",\"itemListElement\":[{\"@type\":\"ListItem\",\"position\":1,\"name\":\"Accueil\",\"item\":\"https:\/\/gite-c2c.fr\/\"},{\"@type\":\"ListItem\",\"position\":2,\"name\":\"Disponibilit\u00e9s\"}]},{\"@type\":\"WebSite\",\"@id\":\"https:\/\/gite-c2c.fr\/#website\",\"url\":\"https:\/\/gite-c2c.fr\/\",\"name\":\"G\u00eete Au Coucher de Chartreuse - Location proche Grenoble et Chamb\u00e9ry\",\"description\":\"D\u00e9couvrez un g\u00eete ind\u00e9pendant dans le Gr\u00e9sivaudan, parfait pour les vacances au ski ou les randonn\u00e9es en Is\u00e8re. Chiens accept\u00e9s. R\u00e9servez maintenant !\",\"publisher\":{\"@id\":\"https:\/\/gite-c2c.fr\/#organization\"},\"alternateName\":\"G\u00eete C2C\",\"potentialAction\":[{\"@type\":\"SearchAction\",\"target\":{\"@type\":\"EntryPoint\",\"urlTemplate\":\"https:\/\/gite-c2c.fr\/?s={search_term_string}\"},\"query-input\":{\"@type\":\"PropertyValueSpecification\",\"valueRequired\":true,\"valueName\":\"search_term_string\"}}],\"inLanguage\":\"fr-FR\"},{\"@type\":\"Organization\",\"@id\":\"https:\/\/gite-c2c.fr\/#organization\",\"name\":\"G\u00eete C2C\",\"url\":\"https:\/\/gite-c2c.fr\/\",\"logo\":{\"@type\":\"ImageObject\",\"inLanguage\":\"fr-FR\",\"@id\":\"https:\/\/gite-c2c.fr\/#\/schema\/logo\/image\/\",\"url\":\"https:\/\/gite-c2c.fr\/wp-content\/uploads\/2023\/11\/cropped-Screenshot_2023-11-11-14-35-35-3.png\",\"contentUrl\":\"https:\/\/gite-c2c.fr\/wp-content\/uploads\/2023\/11\/cropped-Screenshot_2023-11-11-14-35-35-3.png\",\"width\":511,\"height\":523,\"caption\":\"G\u00eete C2C\"},\"image\":{\"@id\":\"https:\/\/gite-c2c.fr\/#\/schema\/logo\/image\/\"}}]}<\/script>\n<!-- \/ Yoast SEO plugin. -->","yoast_head_json":{"title":"Disponibilit\u00e9s - G\u00eete C2C","robots":{"index":"index","follow":"follow","max-snippet":"max-snippet:-1","max-image-preview":"max-image-preview:large","max-video-preview":"max-video-preview:-1"},"canonical":"https:\/\/gite-c2c.fr\/index.php\/disponibilites\/","og_locale":"fr_FR","og_type":"article","og_title":"Disponibilit\u00e9s - G\u00eete C2C","og_url":"https:\/\/gite-c2c.fr\/index.php\/disponibilites\/","og_site_name":"G\u00eete C2C","article_modified_time":"2024-02-06T12:11:04+00:00","twitter_card":"summary_large_image","schema":{"@context":"https:\/\/schema.org","@graph":[{"@type":"WebPage","@id":"https:\/\/gite-c2c.fr\/index.php\/disponibilites\/","url":"https:\/\/gite-c2c.fr\/index.php\/disponibilites\/","name":"Disponibilit\u00e9s - G\u00eete C2C","isPartOf":{"@id":"https:\/\/gite-c2c.fr\/#website"},"datePublished":"2024-02-06T12:11:03+00:00","dateModified":"2024-02-06T12:11:04+00:00","breadcrumb":{"@id":"https:\/\/gite-c2c.fr\/index.php\/disponibilites\/#breadcrumb"},"inLanguage":"fr-FR","potentialAction":[{"@type":"ReadAction","target":["https:\/\/gite-c2c.fr\/index.php\/disponibilites\/"]}]},{"@type":"BreadcrumbList","@id":"https:\/\/gite-c2c.fr\/index.php\/disponibilites\/#breadcrumb","itemListElement":[{"@type":"ListItem","position":1,"name":"Accueil","item":"https:\/\/gite-c2c.fr\/"},{"@type":"ListItem","position":2,"name":"Disponibilit\u00e9s"}]},{"@type":"WebSite","@id":"https:\/\/gite-c2c.fr\/#website","url":"https:\/\/gite-c2c.fr\/","name":"G\u00eete Au Coucher de Chartreuse - Location proche Grenoble et Chamb\u00e9ry","description":"D\u00e9couvrez un g\u00eete ind\u00e9pendant dans le Gr\u00e9sivaudan, parfait pour les vacances au ski ou les randonn\u00e9es en Is\u00e8re. Chiens accept\u00e9s. R\u00e9servez maintenant !","publisher":{"@id":"https:\/\/gite-c2c.fr\/#organization"},"alternateName":"G\u00eete C2C","potentialAction":[{"@type":"SearchAction","target":{"@type":"EntryPoint","urlTemplate":"https:\/\/gite-c2c.fr\/?s={search_term_string}"},"query-input":{"@type":"PropertyValueSpecification","valueRequired":true,"valueName":"search_term_string"}}],"inLanguage":"fr-FR"},{"@type":"Organization","@id":"https:\/\/gite-c2c.fr\/#organization","name":"G\u00eete C2C","url":"https:\/\/gite-c2c.fr\/","logo":{"@type":"ImageObject","inLanguage":"fr-FR","@id":"https:\/\/gite-c2c.fr\/#\/schema\/logo\/image\/","url":"https:\/\/gite-c2c.fr\/wp-content\/uploads\/2023\/11\/cropped-Screenshot_2023-11-11-14-35-35-3.png","contentUrl":"https:\/\/gite-c2c.fr\/wp-content\/uploads\/2023\/11\/cropped-Screenshot_2023-11-11-14-35-35-3.png","width":511,"height":523,"caption":"G\u00eete C2C"},"image":{"@id":"https:\/\/gite-c2c.fr\/#\/schema\/logo\/image\/"}}]}},"_links":{"self":[{"href":"https:\/\/gite-c2c.fr\/index.php\/wp-json\/wp\/v2\/pages\/176","targetHints":{"allow":["GET"]}}],"collection":[{"href":"https:\/\/gite-c2c.fr\/index.php\/wp-json\/wp\/v2\/pages"}],"about":[{"href":"https:\/\/gite-c2c.fr\/index.php\/wp-json\/wp\/v2\/types\/page"}],"author":[{"embeddable":true,"href":"https:\/\/gite-c2c.fr\/index.php\/wp-json\/wp\/v2\/users\/1"}],"replies":[{"embeddable":true,"href":"https:\/\/gite-c2c.fr\/index.php\/wp-json\/wp\/v2\/comments?post=176"}],"version-history":[{"count":1,"href":"https:\/\/gite-c2c.fr\/index.php\/wp-json\/wp\/v2\/pages\/176\/revisions"}],"predecessor-version":[{"id":177,"href":"https:\/\/gite-c2c.fr\/index.php\/wp-json\/wp\/v2\/pages\/176\/revisions\/177"}],"wp:attachment":[{"href":"https:\/\/gite-c2c.fr\/index.php\/wp-json\/wp\/v2\/media?parent=176"}],"curies":[{"name":"wp","href":"https:\/\/api.w.org\/{rel}","templated":true}]}}