{"id":179,"date":"2024-02-20T15:00:23","date_gmt":"2024-02-20T14:00:23","guid":{"rendered":"https:\/\/gite-c2c.fr\/?page_id=179"},"modified":"2024-02-20T15:00:24","modified_gmt":"2024-02-20T14:00:24","slug":"promenades","status":"publish","type":"page","link":"https:\/\/gite-c2c.fr\/index.php\/promenades\/","title":{"rendered":"Promenades"},"content":{"rendered":"\n<h2 class=\"wp-block-heading\">Au fil du Fay<\/h2>\n\n\n\n<p>\u00e0 600m du g\u00eete vous trouverez le Fay (rivi\u00e8re). Une petite balade en boucle \u201cau fil du Fay\u201d d&rsquo;environ 900m. Des tables de pique-nique sont \u00e0 disposition et vous aurez la possibilit\u00e9 de vous rafra\u00eechir au bord de l\u2019eau.<\/p>\n\n\n\nngg_shortcode_0_placeholder\n\n\n\n<h2 class=\"wp-block-heading\">Chemin de Goncelin<\/h2>\n\n\n\n<p>Depuis le g\u00eete, petite balade en aller-retour sur la petite route qui longe champs et for\u00eats (peu de voiture, c&rsquo;est calme), pour un petit tour \u00e0 pied, en poussette ou en v\u00e9los avec les enfants, ou avec un chien.<\/p>\n\n\n\n<p>En sortant du g\u00eete, prendre la route (chemin saint Cr\u00e9pin) qui va sur la gauche.<\/p>\n\n\n\nngg_shortcode_1_placeholder\n\n\n\n<h2 class=\"wp-block-heading\">Berges de l&rsquo;Is\u00e8re &amp; bassin du Cheylas<\/h2>\n\n\n\n<p>Le chemin des berges permet de longer l&rsquo;Is\u00e8re, et notamment de rejoindre le bassin du Cheylas, pour une balade \u00e0 pied ou \u00e0 v\u00e9lo (baignade interdite).<\/p>\n\n\n\n<p>Depuis le g\u00eete, 1km pour rejoindre les berges. Le tour du bassin fait 3,5km.<\/p>\n\n\n\nngg_shortcode_2_placeholder\n","protected":false},"excerpt":{"rendered":"<p>Au fil du Fay \u00e0 600m du g\u00eete vous trouverez le Fay (rivi\u00e8re). Une petite balade en boucle \u201cau fil du Fay\u201d d&rsquo;environ 900m. Des tables de pique-nique sont \u00e0 disposition et vous aurez la possibilit\u00e9 de vous rafra\u00eechir au bord de l\u2019eau. Chemin de Goncelin Depuis le g\u00eete, petite [&hellip;]<\/p>\n","protected":false},"author":1,"featured_media":0,"parent":0,"menu_order":0,"comment_status":"closed","ping_status":"closed","template":"","meta":{"ngg_post_thumbnail":0,"footnotes":""},"class_list":["post-179","page","type-page","status-publish","hentry"],"yoast_head":"<!-- This site is optimized with the Yoast SEO plugin v24.3 - https:\/\/yoast.com\/wordpress\/plugins\/seo\/ -->\n<title>Promenades - G\u00eete C2C<\/title>\n<meta name=\"robots\" content=\"index, follow, max-snippet:-1, max-image-preview:large, max-video-preview:-1\" \/>\n<link rel=\"canonical\" href=\"https:\/\/gite-c2c.fr\/index.php\/promenades\/\" \/>\n<meta property=\"og:locale\" content=\"fr_FR\" \/>\n<meta property=\"og:type\" content=\"article\" \/>\n<meta property=\"og:title\" content=\"Promenades - G\u00eete C2C\" \/>\n<meta property=\"og:description\" content=\"Au fil du Fay \u00e0 600m du g\u00eete vous trouverez le Fay (rivi\u00e8re). Une petite balade en boucle \u201cau fil du Fay\u201d d&rsquo;environ 900m. Des tables de pique-nique sont \u00e0 disposition et vous aurez la possibilit\u00e9 de vous rafra\u00eechir au bord de l\u2019eau. Chemin de Goncelin Depuis le g\u00eete, petite [&hellip;]\" \/>\n<meta property=\"og:url\" content=\"https:\/\/gite-c2c.fr\/index.php\/promenades\/\" \/>\n<meta property=\"og:site_name\" content=\"G\u00eete C2C\" \/>\n<meta property=\"article:modified_time\" content=\"2024-02-20T14:00:24+00:00\" \/>\n<meta name=\"twitter:card\" content=\"summary_large_image\" \/>\n<meta name=\"twitter:label1\" content=\"Dur\u00e9e de lecture estim\u00e9e\" \/>\n\t<meta name=\"twitter:data1\" content=\"1 minute\" \/>\n<script type=\"application\/ld+json\" class=\"yoast-schema-graph\">{\"@context\":\"https:\/\/schema.org\",\"@graph\":[{\"@type\":\"WebPage\",\"@id\":\"https:\/\/gite-c2c.fr\/index.php\/promenades\/\",\"url\":\"https:\/\/gite-c2c.fr\/index.php\/promenades\/\",\"name\":\"Promenades - G\u00eete C2C\",\"isPartOf\":{\"@id\":\"https:\/\/gite-c2c.fr\/#website\"},\"datePublished\":\"2024-02-20T14:00:23+00:00\",\"dateModified\":\"2024-02-20T14:00:24+00:00\",\"breadcrumb\":{\"@id\":\"https:\/\/gite-c2c.fr\/index.php\/promenades\/#breadcrumb\"},\"inLanguage\":\"fr-FR\",\"potentialAction\":[{\"@type\":\"ReadAction\",\"target\":[\"https:\/\/gite-c2c.fr\/index.php\/promenades\/\"]}]},{\"@type\":\"BreadcrumbList\",\"@id\":\"https:\/\/gite-c2c.fr\/index.php\/promenades\/#breadcrumb\",\"itemListElement\":[{\"@type\":\"ListItem\",\"position\":1,\"name\":\"Accueil\",\"item\":\"https:\/\/gite-c2c.fr\/\"},{\"@type\":\"ListItem\",\"position\":2,\"name\":\"Promenades\"}]},{\"@type\":\"WebSite\",\"@id\":\"https:\/\/gite-c2c.fr\/#website\",\"url\":\"https:\/\/gite-c2c.fr\/\",\"name\":\"G\u00eete Au Coucher de Chartreuse - Location proche Grenoble et Chamb\u00e9ry\",\"description\":\"D\u00e9couvrez un g\u00eete ind\u00e9pendant dans le Gr\u00e9sivaudan, parfait pour les vacances au ski ou les randonn\u00e9es en Is\u00e8re. Chiens accept\u00e9s. R\u00e9servez maintenant !\",\"publisher\":{\"@id\":\"https:\/\/gite-c2c.fr\/#organization\"},\"alternateName\":\"G\u00eete C2C\",\"potentialAction\":[{\"@type\":\"SearchAction\",\"target\":{\"@type\":\"EntryPoint\",\"urlTemplate\":\"https:\/\/gite-c2c.fr\/?s={search_term_string}\"},\"query-input\":{\"@type\":\"PropertyValueSpecification\",\"valueRequired\":true,\"valueName\":\"search_term_string\"}}],\"inLanguage\":\"fr-FR\"},{\"@type\":\"Organization\",\"@id\":\"https:\/\/gite-c2c.fr\/#organization\",\"name\":\"G\u00eete C2C\",\"url\":\"https:\/\/gite-c2c.fr\/\",\"logo\":{\"@type\":\"ImageObject\",\"inLanguage\":\"fr-FR\",\"@id\":\"https:\/\/gite-c2c.fr\/#\/schema\/logo\/image\/\",\"url\":\"https:\/\/gite-c2c.fr\/wp-content\/uploads\/2023\/11\/cropped-Screenshot_2023-11-11-14-35-35-3.png\",\"contentUrl\":\"https:\/\/gite-c2c.fr\/wp-content\/uploads\/2023\/11\/cropped-Screenshot_2023-11-11-14-35-35-3.png\",\"width\":511,\"height\":523,\"caption\":\"G\u00eete C2C\"},\"image\":{\"@id\":\"https:\/\/gite-c2c.fr\/#\/schema\/logo\/image\/\"}}]}<\/script>\n<!-- \/ Yoast SEO plugin. -->","yoast_head_json":{"title":"Promenades - G\u00eete C2C","robots":{"index":"index","follow":"follow","max-snippet":"max-snippet:-1","max-image-preview":"max-image-preview:large","max-video-preview":"max-video-preview:-1"},"canonical":"https:\/\/gite-c2c.fr\/index.php\/promenades\/","og_locale":"fr_FR","og_type":"article","og_title":"Promenades - G\u00eete C2C","og_description":"Au fil du Fay \u00e0 600m du g\u00eete vous trouverez le Fay (rivi\u00e8re). Une petite balade en boucle \u201cau fil du Fay\u201d d&rsquo;environ 900m. Des tables de pique-nique sont \u00e0 disposition et vous aurez la possibilit\u00e9 de vous rafra\u00eechir au bord de l\u2019eau. Chemin de Goncelin Depuis le g\u00eete, petite [&hellip;]","og_url":"https:\/\/gite-c2c.fr\/index.php\/promenades\/","og_site_name":"G\u00eete C2C","article_modified_time":"2024-02-20T14:00:24+00:00","twitter_card":"summary_large_image","twitter_misc":{"Dur\u00e9e de lecture estim\u00e9e":"1 minute"},"schema":{"@context":"https:\/\/schema.org","@graph":[{"@type":"WebPage","@id":"https:\/\/gite-c2c.fr\/index.php\/promenades\/","url":"https:\/\/gite-c2c.fr\/index.php\/promenades\/","name":"Promenades - G\u00eete C2C","isPartOf":{"@id":"https:\/\/gite-c2c.fr\/#website"},"datePublished":"2024-02-20T14:00:23+00:00","dateModified":"2024-02-20T14:00:24+00:00","breadcrumb":{"@id":"https:\/\/gite-c2c.fr\/index.php\/promenades\/#breadcrumb"},"inLanguage":"fr-FR","potentialAction":[{"@type":"ReadAction","target":["https:\/\/gite-c2c.fr\/index.php\/promenades\/"]}]},{"@type":"BreadcrumbList","@id":"https:\/\/gite-c2c.fr\/index.php\/promenades\/#breadcrumb","itemListElement":[{"@type":"ListItem","position":1,"name":"Accueil","item":"https:\/\/gite-c2c.fr\/"},{"@type":"ListItem","position":2,"name":"Promenades"}]},{"@type":"WebSite","@id":"https:\/\/gite-c2c.fr\/#website","url":"https:\/\/gite-c2c.fr\/","name":"G\u00eete Au Coucher de Chartreuse - Location proche Grenoble et Chamb\u00e9ry","description":"D\u00e9couvrez un g\u00eete ind\u00e9pendant dans le Gr\u00e9sivaudan, parfait pour les vacances au ski ou les randonn\u00e9es en Is\u00e8re. Chiens accept\u00e9s. R\u00e9servez maintenant !","publisher":{"@id":"https:\/\/gite-c2c.fr\/#organization"},"alternateName":"G\u00eete C2C","potentialAction":[{"@type":"SearchAction","target":{"@type":"EntryPoint","urlTemplate":"https:\/\/gite-c2c.fr\/?s={search_term_string}"},"query-input":{"@type":"PropertyValueSpecification","valueRequired":true,"valueName":"search_term_string"}}],"inLanguage":"fr-FR"},{"@type":"Organization","@id":"https:\/\/gite-c2c.fr\/#organization","name":"G\u00eete C2C","url":"https:\/\/gite-c2c.fr\/","logo":{"@type":"ImageObject","inLanguage":"fr-FR","@id":"https:\/\/gite-c2c.fr\/#\/schema\/logo\/image\/","url":"https:\/\/gite-c2c.fr\/wp-content\/uploads\/2023\/11\/cropped-Screenshot_2023-11-11-14-35-35-3.png","contentUrl":"https:\/\/gite-c2c.fr\/wp-content\/uploads\/2023\/11\/cropped-Screenshot_2023-11-11-14-35-35-3.png","width":511,"height":523,"caption":"G\u00eete C2C"},"image":{"@id":"https:\/\/gite-c2c.fr\/#\/schema\/logo\/image\/"}}]}},"_links":{"self":[{"href":"https:\/\/gite-c2c.fr\/index.php\/wp-json\/wp\/v2\/pages\/179","targetHints":{"allow":["GET"]}}],"collection":[{"href":"https:\/\/gite-c2c.fr\/index.php\/wp-json\/wp\/v2\/pages"}],"about":[{"href":"https:\/\/gite-c2c.fr\/index.php\/wp-json\/wp\/v2\/types\/page"}],"author":[{"embeddable":true,"href":"https:\/\/gite-c2c.fr\/index.php\/wp-json\/wp\/v2\/users\/1"}],"replies":[{"embeddable":true,"href":"https:\/\/gite-c2c.fr\/index.php\/wp-json\/wp\/v2\/comments?post=179"}],"version-history":[{"count":7,"href":"https:\/\/gite-c2c.fr\/index.php\/wp-json\/wp\/v2\/pages\/179\/revisions"}],"predecessor-version":[{"id":201,"href":"https:\/\/gite-c2c.fr\/index.php\/wp-json\/wp\/v2\/pages\/179\/revisions\/201"}],"wp:attachment":[{"href":"https:\/\/gite-c2c.fr\/index.php\/wp-json\/wp\/v2\/media?parent=179"}],"curies":[{"name":"wp","href":"https:\/\/api.w.org\/{rel}","templated":true}]}}