{"id":222,"date":"2024-04-23T13:46:09","date_gmt":"2024-04-23T11:46:09","guid":{"rendered":"https:\/\/gite-c2c.fr\/?page_id=222"},"modified":"2024-04-23T13:50:22","modified_gmt":"2024-04-23T11:50:22","slug":"randonnees","status":"publish","type":"page","link":"https:\/\/gite-c2c.fr\/index.php\/randonnees\/","title":{"rendered":"Randonn\u00e9es &amp; Cyclo"},"content":{"rendered":"\n<p>Le logement \u00e9tant situ\u00e9 entre les massifs de Belledonne, Chartreuse et des Bauges, vous n&rsquo;aurez que l&#8217;embarras du choix si vous souhaitez partir en randonn\u00e9e, que ce soit pour 1 ou 2h ou bien pour la journ\u00e9e.<\/p>\n\n\n\n<p>Des livres r\u00e9pertoriant les meilleures randonn\u00e9es seront \u00e0 votre disposition dans le g\u00eete.<\/p>\n\n\n\n<p>C&rsquo;est \u00e9galement un emplacement id\u00e9al pour les cyclistes, avec de nombreux cols \u00e0 d\u00e9couvrir aux alentours.<\/p>\n\n\n<div class=\"wp-block-image\">\n<figure class=\"aligncenter size-full\"><img loading=\"lazy\" decoding=\"async\" width=\"279\" height=\"181\" src=\"https:\/\/gite-c2c.fr\/wp-content\/uploads\/2024\/04\/lac-freydiere.jpg\" alt=\"\" class=\"wp-image-223\"\/><\/figure>\n<\/div>\n\n\n<p><\/p>\n","protected":false},"excerpt":{"rendered":"<p>Le logement \u00e9tant situ\u00e9 entre les massifs de Belledonne, Chartreuse et des Bauges, vous n&rsquo;aurez que l&#8217;embarras du choix si vous souhaitez partir en randonn\u00e9e, que ce soit pour 1 ou 2h ou bien pour la journ\u00e9e. Des livres r\u00e9pertoriant les meilleures randonn\u00e9es seront \u00e0 votre disposition dans le g\u00eete. [&hellip;]<\/p>\n","protected":false},"author":1,"featured_media":0,"parent":0,"menu_order":0,"comment_status":"closed","ping_status":"closed","template":"","meta":{"ngg_post_thumbnail":0,"footnotes":""},"class_list":["post-222","page","type-page","status-publish","hentry"],"yoast_head":"<!-- This site is optimized with the Yoast SEO plugin v24.3 - https:\/\/yoast.com\/wordpress\/plugins\/seo\/ -->\n<title>Randonn\u00e9es &amp; Cyclo - G\u00eete C2C<\/title>\n<meta name=\"robots\" content=\"index, follow, max-snippet:-1, max-image-preview:large, max-video-preview:-1\" \/>\n<link rel=\"canonical\" href=\"https:\/\/gite-c2c.fr\/index.php\/randonnees\/\" \/>\n<meta property=\"og:locale\" content=\"fr_FR\" \/>\n<meta property=\"og:type\" content=\"article\" \/>\n<meta property=\"og:title\" content=\"Randonn\u00e9es &amp; Cyclo - G\u00eete C2C\" \/>\n<meta property=\"og:description\" content=\"Le logement \u00e9tant situ\u00e9 entre les massifs de Belledonne, Chartreuse et des Bauges, vous n&rsquo;aurez que l&#8217;embarras du choix si vous souhaitez partir en randonn\u00e9e, que ce soit pour 1 ou 2h ou bien pour la journ\u00e9e. Des livres r\u00e9pertoriant les meilleures randonn\u00e9es seront \u00e0 votre disposition dans le g\u00eete. [&hellip;]\" \/>\n<meta property=\"og:url\" content=\"https:\/\/gite-c2c.fr\/index.php\/randonnees\/\" \/>\n<meta property=\"og:site_name\" content=\"G\u00eete C2C\" \/>\n<meta property=\"article:modified_time\" content=\"2024-04-23T11:50:22+00:00\" \/>\n<meta property=\"og:image\" content=\"https:\/\/gite-c2c.fr\/wp-content\/uploads\/2024\/04\/lac-freydiere.jpg\" \/>\n\t<meta property=\"og:image:width\" content=\"279\" \/>\n\t<meta property=\"og:image:height\" content=\"181\" \/>\n\t<meta property=\"og:image:type\" content=\"image\/jpeg\" \/>\n<meta name=\"twitter:card\" content=\"summary_large_image\" \/>\n<script type=\"application\/ld+json\" class=\"yoast-schema-graph\">{\"@context\":\"https:\/\/schema.org\",\"@graph\":[{\"@type\":\"WebPage\",\"@id\":\"https:\/\/gite-c2c.fr\/index.php\/randonnees\/\",\"url\":\"https:\/\/gite-c2c.fr\/index.php\/randonnees\/\",\"name\":\"Randonn\u00e9es &amp; Cyclo - G\u00eete C2C\",\"isPartOf\":{\"@id\":\"https:\/\/gite-c2c.fr\/#website\"},\"primaryImageOfPage\":{\"@id\":\"https:\/\/gite-c2c.fr\/index.php\/randonnees\/#primaryimage\"},\"image\":{\"@id\":\"https:\/\/gite-c2c.fr\/index.php\/randonnees\/#primaryimage\"},\"thumbnailUrl\":\"https:\/\/gite-c2c.fr\/wp-content\/uploads\/2024\/04\/lac-freydiere.jpg\",\"datePublished\":\"2024-04-23T11:46:09+00:00\",\"dateModified\":\"2024-04-23T11:50:22+00:00\",\"breadcrumb\":{\"@id\":\"https:\/\/gite-c2c.fr\/index.php\/randonnees\/#breadcrumb\"},\"inLanguage\":\"fr-FR\",\"potentialAction\":[{\"@type\":\"ReadAction\",\"target\":[\"https:\/\/gite-c2c.fr\/index.php\/randonnees\/\"]}]},{\"@type\":\"ImageObject\",\"inLanguage\":\"fr-FR\",\"@id\":\"https:\/\/gite-c2c.fr\/index.php\/randonnees\/#primaryimage\",\"url\":\"https:\/\/gite-c2c.fr\/wp-content\/uploads\/2024\/04\/lac-freydiere.jpg\",\"contentUrl\":\"https:\/\/gite-c2c.fr\/wp-content\/uploads\/2024\/04\/lac-freydiere.jpg\",\"width\":279,\"height\":181},{\"@type\":\"BreadcrumbList\",\"@id\":\"https:\/\/gite-c2c.fr\/index.php\/randonnees\/#breadcrumb\",\"itemListElement\":[{\"@type\":\"ListItem\",\"position\":1,\"name\":\"Accueil\",\"item\":\"https:\/\/gite-c2c.fr\/\"},{\"@type\":\"ListItem\",\"position\":2,\"name\":\"Randonn\u00e9es &amp; Cyclo\"}]},{\"@type\":\"WebSite\",\"@id\":\"https:\/\/gite-c2c.fr\/#website\",\"url\":\"https:\/\/gite-c2c.fr\/\",\"name\":\"G\u00eete Au Coucher de Chartreuse - Location proche Grenoble et Chamb\u00e9ry\",\"description\":\"D\u00e9couvrez un g\u00eete ind\u00e9pendant dans le Gr\u00e9sivaudan, parfait pour les vacances au ski ou les randonn\u00e9es en Is\u00e8re. Chiens accept\u00e9s. R\u00e9servez maintenant !\",\"publisher\":{\"@id\":\"https:\/\/gite-c2c.fr\/#organization\"},\"alternateName\":\"G\u00eete C2C\",\"potentialAction\":[{\"@type\":\"SearchAction\",\"target\":{\"@type\":\"EntryPoint\",\"urlTemplate\":\"https:\/\/gite-c2c.fr\/?s={search_term_string}\"},\"query-input\":{\"@type\":\"PropertyValueSpecification\",\"valueRequired\":true,\"valueName\":\"search_term_string\"}}],\"inLanguage\":\"fr-FR\"},{\"@type\":\"Organization\",\"@id\":\"https:\/\/gite-c2c.fr\/#organization\",\"name\":\"G\u00eete C2C\",\"url\":\"https:\/\/gite-c2c.fr\/\",\"logo\":{\"@type\":\"ImageObject\",\"inLanguage\":\"fr-FR\",\"@id\":\"https:\/\/gite-c2c.fr\/#\/schema\/logo\/image\/\",\"url\":\"https:\/\/gite-c2c.fr\/wp-content\/uploads\/2023\/11\/cropped-Screenshot_2023-11-11-14-35-35-3.png\",\"contentUrl\":\"https:\/\/gite-c2c.fr\/wp-content\/uploads\/2023\/11\/cropped-Screenshot_2023-11-11-14-35-35-3.png\",\"width\":511,\"height\":523,\"caption\":\"G\u00eete C2C\"},\"image\":{\"@id\":\"https:\/\/gite-c2c.fr\/#\/schema\/logo\/image\/\"}}]}<\/script>\n<!-- \/ Yoast SEO plugin. -->","yoast_head_json":{"title":"Randonn\u00e9es &amp; Cyclo - G\u00eete C2C","robots":{"index":"index","follow":"follow","max-snippet":"max-snippet:-1","max-image-preview":"max-image-preview:large","max-video-preview":"max-video-preview:-1"},"canonical":"https:\/\/gite-c2c.fr\/index.php\/randonnees\/","og_locale":"fr_FR","og_type":"article","og_title":"Randonn\u00e9es &amp; Cyclo - G\u00eete C2C","og_description":"Le logement \u00e9tant situ\u00e9 entre les massifs de Belledonne, Chartreuse et des Bauges, vous n&rsquo;aurez que l&#8217;embarras du choix si vous souhaitez partir en randonn\u00e9e, que ce soit pour 1 ou 2h ou bien pour la journ\u00e9e. Des livres r\u00e9pertoriant les meilleures randonn\u00e9es seront \u00e0 votre disposition dans le g\u00eete. [&hellip;]","og_url":"https:\/\/gite-c2c.fr\/index.php\/randonnees\/","og_site_name":"G\u00eete C2C","article_modified_time":"2024-04-23T11:50:22+00:00","og_image":[{"width":279,"height":181,"url":"https:\/\/gite-c2c.fr\/wp-content\/uploads\/2024\/04\/lac-freydiere.jpg","type":"image\/jpeg"}],"twitter_card":"summary_large_image","schema":{"@context":"https:\/\/schema.org","@graph":[{"@type":"WebPage","@id":"https:\/\/gite-c2c.fr\/index.php\/randonnees\/","url":"https:\/\/gite-c2c.fr\/index.php\/randonnees\/","name":"Randonn\u00e9es &amp; Cyclo - G\u00eete C2C","isPartOf":{"@id":"https:\/\/gite-c2c.fr\/#website"},"primaryImageOfPage":{"@id":"https:\/\/gite-c2c.fr\/index.php\/randonnees\/#primaryimage"},"image":{"@id":"https:\/\/gite-c2c.fr\/index.php\/randonnees\/#primaryimage"},"thumbnailUrl":"https:\/\/gite-c2c.fr\/wp-content\/uploads\/2024\/04\/lac-freydiere.jpg","datePublished":"2024-04-23T11:46:09+00:00","dateModified":"2024-04-23T11:50:22+00:00","breadcrumb":{"@id":"https:\/\/gite-c2c.fr\/index.php\/randonnees\/#breadcrumb"},"inLanguage":"fr-FR","potentialAction":[{"@type":"ReadAction","target":["https:\/\/gite-c2c.fr\/index.php\/randonnees\/"]}]},{"@type":"ImageObject","inLanguage":"fr-FR","@id":"https:\/\/gite-c2c.fr\/index.php\/randonnees\/#primaryimage","url":"https:\/\/gite-c2c.fr\/wp-content\/uploads\/2024\/04\/lac-freydiere.jpg","contentUrl":"https:\/\/gite-c2c.fr\/wp-content\/uploads\/2024\/04\/lac-freydiere.jpg","width":279,"height":181},{"@type":"BreadcrumbList","@id":"https:\/\/gite-c2c.fr\/index.php\/randonnees\/#breadcrumb","itemListElement":[{"@type":"ListItem","position":1,"name":"Accueil","item":"https:\/\/gite-c2c.fr\/"},{"@type":"ListItem","position":2,"name":"Randonn\u00e9es &amp; Cyclo"}]},{"@type":"WebSite","@id":"https:\/\/gite-c2c.fr\/#website","url":"https:\/\/gite-c2c.fr\/","name":"G\u00eete Au Coucher de Chartreuse - Location proche Grenoble et Chamb\u00e9ry","description":"D\u00e9couvrez un g\u00eete ind\u00e9pendant dans le Gr\u00e9sivaudan, parfait pour les vacances au ski ou les randonn\u00e9es en Is\u00e8re. Chiens accept\u00e9s. R\u00e9servez maintenant !","publisher":{"@id":"https:\/\/gite-c2c.fr\/#organization"},"alternateName":"G\u00eete C2C","potentialAction":[{"@type":"SearchAction","target":{"@type":"EntryPoint","urlTemplate":"https:\/\/gite-c2c.fr\/?s={search_term_string}"},"query-input":{"@type":"PropertyValueSpecification","valueRequired":true,"valueName":"search_term_string"}}],"inLanguage":"fr-FR"},{"@type":"Organization","@id":"https:\/\/gite-c2c.fr\/#organization","name":"G\u00eete C2C","url":"https:\/\/gite-c2c.fr\/","logo":{"@type":"ImageObject","inLanguage":"fr-FR","@id":"https:\/\/gite-c2c.fr\/#\/schema\/logo\/image\/","url":"https:\/\/gite-c2c.fr\/wp-content\/uploads\/2023\/11\/cropped-Screenshot_2023-11-11-14-35-35-3.png","contentUrl":"https:\/\/gite-c2c.fr\/wp-content\/uploads\/2023\/11\/cropped-Screenshot_2023-11-11-14-35-35-3.png","width":511,"height":523,"caption":"G\u00eete C2C"},"image":{"@id":"https:\/\/gite-c2c.fr\/#\/schema\/logo\/image\/"}}]}},"_links":{"self":[{"href":"https:\/\/gite-c2c.fr\/index.php\/wp-json\/wp\/v2\/pages\/222","targetHints":{"allow":["GET"]}}],"collection":[{"href":"https:\/\/gite-c2c.fr\/index.php\/wp-json\/wp\/v2\/pages"}],"about":[{"href":"https:\/\/gite-c2c.fr\/index.php\/wp-json\/wp\/v2\/types\/page"}],"author":[{"embeddable":true,"href":"https:\/\/gite-c2c.fr\/index.php\/wp-json\/wp\/v2\/users\/1"}],"replies":[{"embeddable":true,"href":"https:\/\/gite-c2c.fr\/index.php\/wp-json\/wp\/v2\/comments?post=222"}],"version-history":[{"count":3,"href":"https:\/\/gite-c2c.fr\/index.php\/wp-json\/wp\/v2\/pages\/222\/revisions"}],"predecessor-version":[{"id":228,"href":"https:\/\/gite-c2c.fr\/index.php\/wp-json\/wp\/v2\/pages\/222\/revisions\/228"}],"wp:attachment":[{"href":"https:\/\/gite-c2c.fr\/index.php\/wp-json\/wp\/v2\/media?parent=222"}],"curies":[{"name":"wp","href":"https:\/\/api.w.org\/{rel}","templated":true}]}}